{"id":10,"date":"2021-01-23T17:08:32","date_gmt":"2021-01-23T17:08:32","guid":{"rendered":"https:\/\/www.ryanliam.com\/?page_id=10"},"modified":"2024-02-16T22:52:39","modified_gmt":"2024-02-16T22:52:39","slug":"home","status":"publish","type":"page","link":"https:\/\/ryanliam.sirpod.co.uk\/ro\/","title":{"rendered":"Acas\u0103"},"content":{"rendered":"<div data-elementor-type=\"wp-page\" data-elementor-id=\"10\" class=\"elementor elementor-10\" data-elementor-post-type=\"page\">\n\t\t\t\t\t\t<section class=\"elementor-section elementor-top-section elementor-element elementor-element-61c6ac3 elementor-section-height-min-height elementor-section-boxed elementor-section-height-default elementor-section-items-middle\" data-id=\"61c6ac3\" data-element_type=\"section\" data-e-type=\"section\">\n\t\t\t\t\t\t<div class=\"elementor-container elementor-column-gap-default\">\n\t\t\t\t\t<div class=\"elementor-column elementor-col-50 elementor-top-column elementor-element elementor-element-3fde4e1\" data-id=\"3fde4e1\" data-element_type=\"column\" data-e-type=\"column\">\n\t\t\t<div class=\"elementor-widget-wrap elementor-element-populated\">\n\t\t\t\t\t\t<div class=\"elementor-element elementor-element-bb61a39 elementor-widget elementor-widget-heading\" data-id=\"bb61a39\" data-element_type=\"widget\" data-e-type=\"widget\" data-widget_type=\"heading.default\">\n\t\t\t\t<div class=\"elementor-widget-container\">\n\t\t\t\t\t<h2 class=\"elementor-heading-title elementor-size-default\">Bine a\u021bi venit<\/h2>\t\t\t\t<\/div>\n\t\t\t\t<\/div>\n\t\t\t\t<div class=\"elementor-element elementor-element-3c0f1b5 elementor-widget-divider--view-line elementor-widget elementor-widget-divider\" data-id=\"3c0f1b5\" data-element_type=\"widget\" data-e-type=\"widget\" data-widget_type=\"divider.default\">\n\t\t\t\t<div class=\"elementor-widget-container\">\n\t\t\t\t\t\t\t<div class=\"elementor-divider\">\n\t\t\t<span class=\"elementor-divider-separator\">\n\t\t\t\t\t\t<\/span>\n\t\t<\/div>\n\t\t\t\t\t\t<\/div>\n\t\t\t\t<\/div>\n\t\t\t\t<div class=\"elementor-element elementor-element-bfe8f38 elementor-widget elementor-widget-text-editor\" data-id=\"bfe8f38\" data-element_type=\"widget\" data-e-type=\"widget\" data-widget_type=\"text-editor.default\">\n\t\t\t\t<div class=\"elementor-widget-container\">\n\t\t\t\t\t\t\t\t\t<p><strong>Ryan &amp; Liam Ltd<\/strong>, companie cu capital integral privat, face parte din grupul Diban UK.<\/p><p>Av\u00e2nd ca activitate principal\u0103 achizi\u021bionarea, construirea, investirea \u0219i leasingul de propriet\u0103\u021bi imobiliare industriale, comerciale \u0219i de magazine, ne \u00eent\u00e2mpin\u0103m clien\u021bii cu profesionalism, seriozitate \u0219i rapiditate, oferind servicii de cea mai bun\u0103 calitate.<\/p><p>Proiectele sunt realizate \u00een conformitate cu cerin\u021bele clientului, serviciile sunt de cea mai \u00eenalt\u0103 calitate \u0219i oferim garan\u021bie complet\u0103 \u0219i asisten\u021b\u0103 pentru orice lucrare pe care o execut\u0103m.<\/p><p>Suntem cunoscu\u021bi pentru experien\u021ba consultan\u021bilor no\u0219tri. Ryan &amp; Liam ofer\u0103 servicii complete pentru depozitare cu autoservire, comercial\u0103 \u0219i industrial\u0103, dezvoltare de propriet\u0103\u021bi comerciale \u0219i logistic\u0103.<\/p>\t\t\t\t\t\t\t\t<\/div>\n\t\t\t\t<\/div>\n\t\t\t\t<div class=\"elementor-element elementor-element-93d51d9 elementor-widget elementor-widget-spacer\" data-id=\"93d51d9\" data-element_type=\"widget\" data-e-type=\"widget\" data-widget_type=\"spacer.default\">\n\t\t\t\t<div class=\"elementor-widget-container\">\n\t\t\t\t\t\t\t<div class=\"elementor-spacer\">\n\t\t\t<div class=\"elementor-spacer-inner\"><\/div>\n\t\t<\/div>\n\t\t\t\t\t\t<\/div>\n\t\t\t\t<\/div>\n\t\t\t\t<div class=\"elementor-element elementor-element-f6e0653 elementor-align-left elementor-widget elementor-widget-button\" data-id=\"f6e0653\" data-element_type=\"widget\" data-e-type=\"widget\" data-widget_type=\"button.default\">\n\t\t\t\t<div class=\"elementor-widget-container\">\n\t\t\t\t\t\t\t\t\t<div class=\"elementor-button-wrapper\">\n\t\t\t\t\t<a class=\"elementor-button elementor-button-link elementor-size-sm\" href=\"https:\/\/www.ryanliam.com\/services\/\">\n\t\t\t\t\t\t<span class=\"elementor-button-content-wrapper\">\n\t\t\t\t\t\t<span class=\"elementor-button-icon\">\n\t\t\t\t<i aria-hidden=\"true\" class=\"fas fa-angle-double-right\"><\/i>\t\t\t<\/span>\n\t\t\t\t\t\t\t\t\t<span class=\"elementor-button-text\">Servicii<\/span>\n\t\t\t\t\t<\/span>\n\t\t\t\t\t<\/a>\n\t\t\t\t<\/div>\n\t\t\t\t\t\t\t\t<\/div>\n\t\t\t\t<\/div>\n\t\t\t\t\t<\/div>\n\t\t<\/div>\n\t\t\t\t<div class=\"elementor-column elementor-col-50 elementor-top-column elementor-element elementor-element-71458e3\" data-id=\"71458e3\" data-element_type=\"column\" data-e-type=\"column\">\n\t\t\t<div class=\"elementor-widget-wrap elementor-element-populated\">\n\t\t\t\t\t<div class=\"elementor-background-overlay\"><\/div>\n\t\t\t\t\t\t<div class=\"elementor-element elementor-element-dccd414 elementor-widget elementor-widget-image\" data-id=\"dccd414\" data-element_type=\"widget\" data-e-type=\"widget\" data-widget_type=\"image.default\">\n\t\t\t\t<div class=\"elementor-widget-container\">\n\t\t\t\t\t\t\t\t\t\t\t\t\t\t\t<img fetchpriority=\"high\" decoding=\"async\" width=\"1601\" height=\"1132\" src=\"https:\/\/ryanliam.sirpod.co.uk\/wp-content\/uploads\/2022\/10\/Asset-2@png.png\" class=\"attachment-full size-full wp-image-808\" alt=\"\" srcset=\"https:\/\/ryanliam.sirpod.co.uk\/wp-content\/uploads\/2022\/10\/Asset-2@png.png 1601w, https:\/\/ryanliam.sirpod.co.uk\/wp-content\/uploads\/2022\/10\/Asset-2@png-300x212.png 300w, https:\/\/ryanliam.sirpod.co.uk\/wp-content\/uploads\/2022\/10\/Asset-2@png-1024x724.png 1024w, https:\/\/ryanliam.sirpod.co.uk\/wp-content\/uploads\/2022\/10\/Asset-2@png-768x543.png 768w, https:\/\/ryanliam.sirpod.co.uk\/wp-content\/uploads\/2022\/10\/Asset-2@png-1536x1086.png 1536w, https:\/\/ryanliam.sirpod.co.uk\/wp-content\/uploads\/2022\/10\/Asset-2@png-18x12.png 18w\" sizes=\"(max-width: 1601px) 100vw, 1601px\" \/>\t\t\t\t\t\t\t\t\t\t\t\t\t\t\t<\/div>\n\t\t\t\t<\/div>\n\t\t\t\t\t<\/div>\n\t\t<\/div>\n\t\t\t\t\t<\/div>\n\t\t<\/section>\n\t\t\t\t<\/div>","protected":false},"excerpt":{"rendered":"<p>Welcome Ryan &amp; Liam Ltd, wholly private owned company, is part of the Diban UK holding company. Having as our main activity the purchasing, building, investing and leasing of a variety of assets including industrial, commercial and retail real estate, we meet our customers with professionalism, seriousness and speed, providing top quality services. The projects [&hellip;]<\/p>\n","protected":false},"author":1,"featured_media":0,"parent":0,"menu_order":0,"comment_status":"closed","ping_status":"closed","template":"elementor_header_footer","meta":{"footnotes":""},"class_list":["post-10","page","type-page","status-publish","hentry"],"_links":{"self":[{"href":"https:\/\/ryanliam.sirpod.co.uk\/ro\/wp-json\/wp\/v2\/pages\/10","targetHints":{"allow":["GET"]}}],"collection":[{"href":"https:\/\/ryanliam.sirpod.co.uk\/ro\/wp-json\/wp\/v2\/pages"}],"about":[{"href":"https:\/\/ryanliam.sirpod.co.uk\/ro\/wp-json\/wp\/v2\/types\/page"}],"author":[{"embeddable":true,"href":"https:\/\/ryanliam.sirpod.co.uk\/ro\/wp-json\/wp\/v2\/users\/1"}],"replies":[{"embeddable":true,"href":"https:\/\/ryanliam.sirpod.co.uk\/ro\/wp-json\/wp\/v2\/comments?post=10"}],"version-history":[{"count":199,"href":"https:\/\/ryanliam.sirpod.co.uk\/ro\/wp-json\/wp\/v2\/pages\/10\/revisions"}],"predecessor-version":[{"id":949,"href":"https:\/\/ryanliam.sirpod.co.uk\/ro\/wp-json\/wp\/v2\/pages\/10\/revisions\/949"}],"wp:attachment":[{"href":"https:\/\/ryanliam.sirpod.co.uk\/ro\/wp-json\/wp\/v2\/media?parent=10"}],"curies":[{"name":"wp","href":"https:\/\/api.w.org\/{rel}","templated":true}]}}